{"id":274,"date":"2018-12-04T21:15:38","date_gmt":"2018-12-04T20:15:38","guid":{"rendered":"http:\/\/claudia-kramp.de\/?page_id=274"},"modified":"2020-07-14T21:12:31","modified_gmt":"2020-07-14T19:12:31","slug":"entspannung","status":"publish","type":"page","link":"https:\/\/claudia-kramp.de\/?page_id=274","title":{"rendered":"Entspannung"},"content":{"rendered":"<h3>Entspannungsverfahren<\/h3>\n<p><a name=\"Inhaltsverzeichnis_\"><\/a><\/p>\n<ul>\n<li><a href=\"#AT_\">Autogenes Training (AT)<\/a><\/li>\n<li><a href=\"#BA_\">Bewusstes Atmen<\/a><\/li>\n<li><a href=\"#PMR_\">Progressive Muskelentspannung (PMR)<\/a><\/li>\n<li><a href=\"#MED_\">Meditation<\/a><\/li>\n<li><a href=\"#KID_\">Entspannungs\u00fcbungen f\u00fcr Kinder<\/a><\/li>\n<\/ul>\n<hr \/>\n<p><img loading=\"lazy\" decoding=\"async\" class=\"aligncenter wp-image-587 size-full\" src=\"http:\/\/claudia-kramp.de\/wp-content\/uploads\/2019\/02\/Fotoapperat-413-1024x287.jpg\" alt=\"\" width=\"1024\" height=\"287\" srcset=\"https:\/\/claudia-kramp.de\/wp-content\/uploads\/2019\/02\/Fotoapperat-413-1024x287.jpg 1024w, https:\/\/claudia-kramp.de\/wp-content\/uploads\/2019\/02\/Fotoapperat-413-1024x287-300x84.jpg 300w, https:\/\/claudia-kramp.de\/wp-content\/uploads\/2019\/02\/Fotoapperat-413-1024x287-768x215.jpg 768w\" sizes=\"auto, (max-width: 1024px) 100vw, 1024px\" \/><\/p>\n<p>&nbsp;<\/p>\n<h4><\/h4>\n<h4><a name=\"AT_\"><\/a>Autogenes Training (AT)<\/h4>\n<p>Das AT ist eine suggestive Entspannungsmethode, die von dem Berliner Nervenarzt Professor J. H. Schulz in den 30iger Jahren entwickelt worden ist.<\/p>\n<p>Das AT ist eine Form der Selbsthypnose. Sie erlernen ihren Entspannungszustand selbst zu kontrollieren. Durch gezielte konzentrative \u00dcbungen werden ein Ruhezustand und eine Entspannung induziert, die eine psychovegetative Umschaltung des gesamten Organismus erm\u00f6glicht.<\/p>\n<p>Positive Auswirkungen:<\/p>\n<ul>\n<li>Innere Ruhe, Gelassenheit und Entspannung<\/li>\n<li>Abbau von Muskelverspannungen<\/li>\n<li>Steigerung der Konzentration<\/li>\n<li>Verbesserung der Leistungsf\u00e4higkeit<\/li>\n<li>Stresspr\u00e4vention und Burnout Prophylaxe<\/li>\n<li>Erholsamer Schlafen<\/li>\n<li>St\u00e4rkung des Selbstvertrauens und der Lebensfreude<\/li>\n<li>Verminderung von chronischen Schmerzen; z.B. Kopfschmerzen, R\u00fcckenschmerzen&#8230;<\/li>\n<li>Ausgleichende Wirkung auf Magen- Darm Trakt, Herz- Kreislauf, Atmung\u2026<br \/>\nuvm.<\/li>\n<\/ul>\n<p>Das Autogene Training k\u00f6nnen Sie in Einzeltherapie oder in einem fortlaufenden Kurs erlernen.<br \/>\nTermine nach Vereinbarung.<\/p>\n<p>Gef\u00fchrte CD &#8222;Autogenes Training&#8220; auf Nachfrage \u00fcber <a href=\"http:\/\/claudia-kramp.de\/?page_id=57\">Kontakt<\/a> bei mir erh\u00e4ltlich.<\/p>\n<hr \/>\n<p><a href=\"#Inhaltsverzeichnis_\">nach oben<\/a><\/p>\n<h4><a name=\"BA_\"><\/a>Bewusstes Atmen<\/h4>\n<p>Die Wichtigkeit der Atmung ist uns schon aus der Antike bekannt, insbesondere aus China, Japan und Indien. Yoga, Thai-Chi oder Meditation beispielsweise, arbeiten mit bewussten Atemtechniken. Der Atem begleitet uns das ganze Leben. Er wird von \u00e4u\u00dferen Umst\u00e4nden und inneren Bewegungen beeinflusst und passt sich allen Lebenssituationen, Emotionen, Gedanken und Anforderungen an.<\/p>\n<p>Durch gezielte Atmen-, K\u00f6rper- und Meditations\u00fcbungen wird unsere K\u00f6rperwahrnehmung verbessert. Wir entdecken das Zusammenspiel von K\u00f6rper,\u00a0 Geist und Seele. Der bewusste Umgang mit der Atmung hilft den Zugang zu sich selbst zu verbessern, ein neues Lebensgef\u00fchl kann entstehen.<\/p>\n<p>&#8222;Bewusstes Atmen&#8220; kann Ihnen helfen bei:<\/p>\n<ul>\n<li>Atembeschwerden<\/li>\n<li>Steigerung der Konzentration<\/li>\n<li>Zur Stressbew\u00e4ltigung<\/li>\n<li>F\u00f6rderung und Stabilisierung des ganzheitlichen Wohlbefindens<\/li>\n<li>Vorbereitung auf die Meditation<\/li>\n<li>Sprachtraining<br \/>\nusw.<\/li>\n<\/ul>\n<p>Bewusstes Atmen kann in Einzeltherapie oder in einem fortlaufenden Kurs erlernt werden.<br \/>\nTermine nach Vereinbarung.<\/p>\n<hr \/>\n<p><a href=\"#Inhaltsverzeichnis_\">nach oben<\/a><\/p>\n<h4><a name=\"PMR_\"><\/a>Progressive Muskelentspannung (PMR)<\/h4>\n<p>Edmund Jakobsen, ein aus Schweden in die USA emigrierter Arzt, hat die Methode der PMR entwickelt. Jakobsen erkannte, das durch gezieltes Anspannen und abruptes l\u00f6sen einzelner Muskelgruppen, eine verbesserte Entspannung &#8211; physisch wie psychisch &#8211; erreicht und nachgewiesen werden kann.<\/p>\n<p>Vorgehensweise:<br \/>\nEs werden bestimmte Muskelgruppen angespannt, die Anspannung wird kurz gehalten und anschlie\u00dfend gel\u00f6st, wobei Sie sich ganz auf ihre Empfindungen konzentrieren.<\/p>\n<p>Bei regelm\u00e4\u00dfigem Training k\u00f6nnen Sie so die F\u00e4higkeit erlangen, die Entspannung bewusst und aktiv herbeizuf\u00fchren sowie K\u00f6rper und Geist \u00a0positiv zu beeinflussen.<\/p>\n<p>Einige Indikationen f\u00fcr die PMR sind u.a.:<\/p>\n<ul>\n<li>Angstst\u00f6rungen<\/li>\n<li>Bluthochdruck<\/li>\n<li>Ersch\u00f6pfungszust\u00e4nde<\/li>\n<li>Kopfschmerzen\/ Migr\u00e4ne<\/li>\n<li>Muskelverspannungen<\/li>\n<li>Nervosit\u00e4t\/ Unruhe<\/li>\n<li>Schlafst\u00f6rungen<\/li>\n<li>Schmerzen<\/li>\n<li>Schwei\u00dfausbr\u00fcche\/ Hitzewallungen<\/li>\n<li>Stress\/ Burnout<\/li>\n<li>Verdauungsst\u00f6rungen<br \/>\nuvm.<\/li>\n<\/ul>\n<p>Die Progressive Muskelentspannung k\u00f6nnen Sie in Einzeltherapie oder in einem fortlaufenden Kurs erlernen.<br \/>\nTermine nach Vereinbarung.<\/p>\n<p><a href=\"#Inhaltsverzeichnis_\">nach oben<\/a><\/p>\n<hr \/>\n<h4><a name=\"MED_\"><\/a>Meditation \u2013 ein Weg in die Innere Mitte<\/h4>\n<p>Meditation \u00f6ffnet unsere Herzen und entfaltet Empathie, grenzenlose Weisheit, Liebe und Mitgef\u00fchl. Unser unbegrenztes geistiges Potential, unser Verstand, entwickelt eine klare Sicht der Dinge. Meditation als Weg schafft durch Achtsamkeit und Konzentration eine Reinigung und Kl\u00e4rung des Geistes und der Seele. Wir gehen nach Innen, gehen in die Neutralit\u00e4t und werden Still.<\/p>\n<p>Das regelm\u00e4\u00dfige \u00dcben bedeutet nicht die Abkehr vom allt\u00e4glichen, sondern eine M\u00f6glichkeit das Leben mit all seinen Verpflichtungen, konzentriert auf den jetzigen Moment, mit Ruhe und Kraft bew\u00e4ltigen zu k\u00f6nnen.<\/p>\n<p>Meditation ver\u00e4ndert die Verarbeitung von Gef\u00fchlen. Wir sind verankert in unserer Mitte und k\u00f6nnen ein Gef\u00fchl von Sicherheit erfahren.<\/p>\n<p>Forscher staunen \u00fcber die verbl\u00fcffenden Wirkungen der Meditation. Erkenntnisse aus j\u00fcngster Zeit der Uni Freiburg zeigen, dass die Meditation die Hirnalterung aufh\u00e4lt. Graue und wei\u00dfe Hirnsubstanz bleiben auf jugendlichem Niveau erhalten.<\/p>\n<p>Die Praxis der Meditation ist an keine religi\u00f6se Anschauung gebunden.<\/p>\n<p>Das Meditieren k\u00f6nnen Sie in Einzelsitzungen, oder in einem fortlaufenden Kurs erlernen.<br \/>\nTermine nach Vereinbarung.<\/p>\n<p><a href=\"#Inhaltsverzeichnis_\">nach oben<\/a><\/p>\n<hr \/>\n<h4><a name=\"KID_\"><\/a>Entspannungs\u00fcbungen f\u00fcr Kinder<\/h4>\n<p>\u2026k\u00f6nnen ihrem Kind helfen sich erholsam und selbst\u00e4ndig zu entspannen. Ihr Kind erlernt verschiedene Entspannungs- und Wahrnehmungs\u00fcbungen, die es zu Hause selbst\u00e4ndig durchf\u00fchren kann.<\/p>\n<p>Positive Auswirkungen:<\/p>\n<ul>\n<li>Innere Ruhe, Gelassenheit und Entspannung<\/li>\n<li>Steigerung der Konzentration<\/li>\n<li>Verbesserung der Leistungsf\u00e4higkeit<\/li>\n<li>Erholsamer Schlafen<\/li>\n<li>St\u00e4rkung des Selbstvertrauens<\/li>\n<\/ul>\n<p>Termine nach Vereinbarung<\/p>\n<p><a href=\"#Inhaltsverzeichnis_\">nach oben<\/a><\/p>\n<p>&nbsp;<\/p>\n","protected":false},"excerpt":{"rendered":"<p>Entspannungsverfahren Autogenes Training (AT) Bewusstes Atmen Progressive Muskelentspannung (PMR) Meditation Entspannungs\u00fcbungen f\u00fcr Kinder &nbsp; Autogenes Training (AT) Das AT ist eine suggestive Entspannungsmethode, die von dem Berliner Nervenarzt Professor J. H. Schulz in den 30iger Jahren entwickelt worden ist. Das AT ist eine Form der Selbsthypnose. Sie erlernen ihren Entspannungszustand selbst zu kontrollieren. Durch gezielteContinue reading &rarr;<\/p>\n","protected":false},"author":1,"featured_media":0,"parent":0,"menu_order":0,"comment_status":"closed","ping_status":"closed","template":"","meta":{"footnotes":""},"class_list":["post-274","page","type-page","status-publish","hentry","no-thumb"],"_links":{"self":[{"href":"https:\/\/claudia-kramp.de\/index.php?rest_route=\/wp\/v2\/pages\/274","targetHints":{"allow":["GET"]}}],"collection":[{"href":"https:\/\/claudia-kramp.de\/index.php?rest_route=\/wp\/v2\/pages"}],"about":[{"href":"https:\/\/claudia-kramp.de\/index.php?rest_route=\/wp\/v2\/types\/page"}],"author":[{"embeddable":true,"href":"https:\/\/claudia-kramp.de\/index.php?rest_route=\/wp\/v2\/users\/1"}],"replies":[{"embeddable":true,"href":"https:\/\/claudia-kramp.de\/index.php?rest_route=%2Fwp%2Fv2%2Fcomments&post=274"}],"version-history":[{"count":28,"href":"https:\/\/claudia-kramp.de\/index.php?rest_route=\/wp\/v2\/pages\/274\/revisions"}],"predecessor-version":[{"id":698,"href":"https:\/\/claudia-kramp.de\/index.php?rest_route=\/wp\/v2\/pages\/274\/revisions\/698"}],"wp:attachment":[{"href":"https:\/\/claudia-kramp.de\/index.php?rest_route=%2Fwp%2Fv2%2Fmedia&parent=274"}],"curies":[{"name":"wp","href":"https:\/\/api.w.org\/{rel}","templated":true}]}}