{"id":284,"date":"2018-12-04T21:48:46","date_gmt":"2018-12-04T20:48:46","guid":{"rendered":"http:\/\/claudia-kramp.de\/?page_id=284"},"modified":"2019-02-10T23:40:28","modified_gmt":"2019-02-10T22:40:28","slug":"therapie","status":"publish","type":"page","link":"https:\/\/claudia-kramp.de\/?page_id=284","title":{"rendered":"EMDR"},"content":{"rendered":"<h3><img loading=\"lazy\" decoding=\"async\" class=\"aligncenter wp-image-585 size-full\" src=\"http:\/\/claudia-kramp.de\/wp-content\/uploads\/2019\/02\/strand_england-1024x287-1.jpg\" alt=\"\" width=\"1024\" height=\"287\" srcset=\"https:\/\/claudia-kramp.de\/wp-content\/uploads\/2019\/02\/strand_england-1024x287-1.jpg 1024w, https:\/\/claudia-kramp.de\/wp-content\/uploads\/2019\/02\/strand_england-1024x287-1-300x84.jpg 300w, https:\/\/claudia-kramp.de\/wp-content\/uploads\/2019\/02\/strand_england-1024x287-1-768x215.jpg 768w\" sizes=\"auto, (max-width: 1024px) 100vw, 1024px\" \/><br \/>\nEMDR<\/h3>\n<p>EMDR (Eye Movement Desensitization and Reprocessing was auf Deutsch Desensibilisierung und Verarbeitung durch Augenbewegungen bedeutet) \u00a0wurde in den 80-er Jahren <strong>zur Behandlung von <\/strong><strong>Trauma Folgest\u00f6rungen von <\/strong>Francine Shapiro entwickelt. Diese Psychotherapiemethode ist seit 2006 wissenschaftlich anerkannt.<\/p>\n<p>Hier geht es um die Nachverarbeitung der belastenden Erinnerung, unter Nutzung bilateraler Stimulation \u00fcber die Augenbewegungen. Diese Stimulation unterst\u00fctzt das Gehirn, die eigenen Selbstheilungskr\u00e4fte werden stark und nachhaltig aktiviert um die belastenden Erinnerungen zu verarbeiten \u2013 die wohltuende Erleichterung ist oftmals sofort sp\u00fcrbar.<\/p>\n<p>Die Anwendung beschr\u00e4nkt sich jedoch nicht nur auf die Traumatherapie. EMDR kann auch eingesetzt werden\u00a0 z.B. bei:<\/p>\n<ul>\n<li>posttraumatische Belastungsst\u00f6rung (PTBS)<\/li>\n<li>starke Trauer nach Verlusterlebnissen<\/li>\n<li>Folgen von Bindungstraumatisierungen<\/li>\n<li>Depressionen<\/li>\n<li>\u00c4ngste- aktuelle \u00c4ngste,\u00a0 (z.B. Pr\u00fcfungs\u00e4ngsten) Panikst\u00f6rungen<\/li>\n<li>Phobien<\/li>\n<li>der L\u00f6sung von blockierten Glaubenss\u00e4tzen<\/li>\n<li>der Unterst\u00fctzung von Verhaltens\u00e4nderung<\/li>\n<li>Selbstwert Thematiken<\/li>\n<li>Anpassungsst\u00f6rungen<\/li>\n<li>akuten Belastungsreaktionen kurz nach belastenden Erlebnissen<\/li>\n<li>Trauma Folgest\u00f6rungen nach schweren Belastungen in der Kindheit<\/li>\n<li>Selbstwert St\u00f6rungen<\/li>\n<li>psychosomatischen Beschwerden<\/li>\n<li>Substanzabh\u00e4ngigkeit<br \/>\nuvm.<\/li>\n<\/ul>\n<p>EMDR wird in der Einzeltherapie eingesetzt, um gezielt einzelne Themen und Blockaden zu bearbeiten.<\/p>\n<p>Termine nach Vereinbarung.<\/p>\n","protected":false},"excerpt":{"rendered":"<p>EMDR EMDR (Eye Movement Desensitization and Reprocessing was auf Deutsch Desensibilisierung und Verarbeitung durch Augenbewegungen bedeutet) \u00a0wurde in den 80-er Jahren zur Behandlung von Trauma Folgest\u00f6rungen von Francine Shapiro entwickelt. Diese Psychotherapiemethode ist seit 2006 wissenschaftlich anerkannt. Hier geht es um die Nachverarbeitung der belastenden Erinnerung, unter Nutzung bilateraler Stimulation \u00fcber die Augenbewegungen. Diese StimulationContinue reading &rarr;<\/p>\n","protected":false},"author":1,"featured_media":0,"parent":0,"menu_order":0,"comment_status":"closed","ping_status":"closed","template":"","meta":{"footnotes":""},"class_list":["post-284","page","type-page","status-publish","hentry","no-thumb"],"_links":{"self":[{"href":"https:\/\/claudia-kramp.de\/index.php?rest_route=\/wp\/v2\/pages\/284","targetHints":{"allow":["GET"]}}],"collection":[{"href":"https:\/\/claudia-kramp.de\/index.php?rest_route=\/wp\/v2\/pages"}],"about":[{"href":"https:\/\/claudia-kramp.de\/index.php?rest_route=\/wp\/v2\/types\/page"}],"author":[{"embeddable":true,"href":"https:\/\/claudia-kramp.de\/index.php?rest_route=\/wp\/v2\/users\/1"}],"replies":[{"embeddable":true,"href":"https:\/\/claudia-kramp.de\/index.php?rest_route=%2Fwp%2Fv2%2Fcomments&post=284"}],"version-history":[{"count":11,"href":"https:\/\/claudia-kramp.de\/index.php?rest_route=\/wp\/v2\/pages\/284\/revisions"}],"predecessor-version":[{"id":586,"href":"https:\/\/claudia-kramp.de\/index.php?rest_route=\/wp\/v2\/pages\/284\/revisions\/586"}],"wp:attachment":[{"href":"https:\/\/claudia-kramp.de\/index.php?rest_route=%2Fwp%2Fv2%2Fmedia&parent=284"}],"curies":[{"name":"wp","href":"https:\/\/api.w.org\/{rel}","templated":true}]}}