{"id":295,"date":"2018-12-04T22:10:12","date_gmt":"2018-12-04T21:10:12","guid":{"rendered":"http:\/\/claudia-kramp.de\/?page_id=295"},"modified":"2019-02-10T23:43:56","modified_gmt":"2019-02-10T22:43:56","slug":"kreativitaet-und-maltherapie","status":"publish","type":"page","link":"https:\/\/claudia-kramp.de\/?page_id=295","title":{"rendered":"Kreativit\u00e4t- und Maltherapie"},"content":{"rendered":"<h3><img loading=\"lazy\" decoding=\"async\" class=\"wp-image-591 alignleft\" src=\"http:\/\/claudia-kramp.de\/wp-content\/uploads\/2019\/02\/Anacardium-orientale-300x300-1.jpg\" alt=\"\" width=\"290\" height=\"290\" srcset=\"https:\/\/claudia-kramp.de\/wp-content\/uploads\/2019\/02\/Anacardium-orientale-300x300-1.jpg 300w, https:\/\/claudia-kramp.de\/wp-content\/uploads\/2019\/02\/Anacardium-orientale-300x300-1-150x150.jpg 150w\" sizes=\"auto, (max-width: 290px) 100vw, 290px\" \/>Kreativit\u00e4t- und Maltherapie<\/h3>\n<p>&#8222;Wenn Worte fehlen &#8211; sprechen Bilder&#8220;<br \/>\n(Charlotte Schottenloher)<\/p>\n<p>Die Kreativit\u00e4ts- und Maltherapie bietet viele M\u00f6glichkeiten. Sie kann sowohl zur Entspannung als auch zur Hilfe in schwierigen Lebenssituationen eingesetzt werden. Vorkenntnisse oder Talent sind nicht erforderlich.<\/p>\n<p>Hier geht es nicht darum etwas perfekt zu gestalten, sondern das zu spiegeln was in uns steckt. Sie experimientieren &#8211; spielerisch &#8211; mit Farben, Formen und verschiedenen Materialien. Jeder malt oder gestaltet nach seinem eigenen Rhythmus. Die Kreativit\u00e4ts- und Maltherapie erm\u00f6glicht eine Ausdrucksform ohne Worte. Sie kann Unbewusstes \u00fcber das Bild oder Material sprechen lassen und ins Bewusstsein holen.<\/p>\n<p><strong>Anwendungsgebiete:<\/strong><br \/>\nErkrankungen aus dem psychosomatischen und psychischen Bereich, Entspannung und Stressbew\u00e4ltigung.<\/p>\n<p><strong>Wirkungsbereiche:<\/strong><br \/>\nSelbstvertrauen in die eigenen F\u00e4higkeiten wecken und st\u00e4rken, Innere Ruhe finden bei Ersch\u00f6pfung, Gef\u00fchle ausdr\u00fccken, Spielerisch Konzentration \u00fcben und f\u00f6rdern, Wahrnehmung und Kreativit\u00e4t wecken, Feinmotorik und Sinne trainieren, Selbstheilungskr\u00e4fte anregen.<\/p>\n<p><strong>Verschiedene Methoden:<\/strong><br \/>\n<em>L\u00f6sungsorientiertes Malen<\/em> &#8211; eine Fragestellung wird begleitet<br \/>\n<em>Kreatives Gestalten<\/em> &#8211; W\u00fcnsche, Tr\u00e4ume oder Probleme werden sichtbar gemacht<br \/>\n<em>Meditatives Malen<\/em> &#8211; Malen ganz ohne Leistungsdruck &#8211; wirkt entspannend und regenerierend<br \/>\n<em>Freies Malen<\/em> &#8211; individuelle Entfaltungsm\u00f6glichkeiten<\/p>\n<p>Einzelarbeiten, Workshops, fortlaufende Gruppe<\/p>\n","protected":false},"excerpt":{"rendered":"<p>Kreativit\u00e4t- und Maltherapie &#8222;Wenn Worte fehlen &#8211; sprechen Bilder&#8220; (Charlotte Schottenloher) Die Kreativit\u00e4ts- und Maltherapie bietet viele M\u00f6glichkeiten. Sie kann sowohl zur Entspannung als auch zur Hilfe in schwierigen Lebenssituationen eingesetzt werden. Vorkenntnisse oder Talent sind nicht erforderlich. Hier geht es nicht darum etwas perfekt zu gestalten, sondern das zu spiegeln was in uns steckt.Continue reading &rarr;<\/p>\n","protected":false},"author":1,"featured_media":0,"parent":0,"menu_order":0,"comment_status":"closed","ping_status":"closed","template":"","meta":{"footnotes":""},"class_list":["post-295","page","type-page","status-publish","hentry","no-thumb"],"_links":{"self":[{"href":"https:\/\/claudia-kramp.de\/index.php?rest_route=\/wp\/v2\/pages\/295","targetHints":{"allow":["GET"]}}],"collection":[{"href":"https:\/\/claudia-kramp.de\/index.php?rest_route=\/wp\/v2\/pages"}],"about":[{"href":"https:\/\/claudia-kramp.de\/index.php?rest_route=\/wp\/v2\/types\/page"}],"author":[{"embeddable":true,"href":"https:\/\/claudia-kramp.de\/index.php?rest_route=\/wp\/v2\/users\/1"}],"replies":[{"embeddable":true,"href":"https:\/\/claudia-kramp.de\/index.php?rest_route=%2Fwp%2Fv2%2Fcomments&post=295"}],"version-history":[{"count":19,"href":"https:\/\/claudia-kramp.de\/index.php?rest_route=\/wp\/v2\/pages\/295\/revisions"}],"predecessor-version":[{"id":595,"href":"https:\/\/claudia-kramp.de\/index.php?rest_route=\/wp\/v2\/pages\/295\/revisions\/595"}],"wp:attachment":[{"href":"https:\/\/claudia-kramp.de\/index.php?rest_route=%2Fwp%2Fv2%2Fmedia&parent=295"}],"curies":[{"name":"wp","href":"https:\/\/api.w.org\/{rel}","templated":true}]}}