{"id":302,"date":"2018-12-04T22:28:02","date_gmt":"2018-12-04T21:28:02","guid":{"rendered":"http:\/\/claudia-kramp.de\/?page_id=302"},"modified":"2022-06-06T19:03:21","modified_gmt":"2022-06-06T17:03:21","slug":"systemische-aufstellung","status":"publish","type":"page","link":"https:\/\/claudia-kramp.de\/?page_id=302","title":{"rendered":"Systemische Aufstellung"},"content":{"rendered":"<h3><\/h3>\n<h3><img loading=\"lazy\" decoding=\"async\" class=\"aligncenter wp-image-604 size-full\" src=\"http:\/\/claudia-kramp.de\/wp-content\/uploads\/2019\/02\/Familie-1024x309-1.jpg\" alt=\"\" width=\"1024\" height=\"309\" srcset=\"https:\/\/claudia-kramp.de\/wp-content\/uploads\/2019\/02\/Familie-1024x309-1.jpg 1024w, https:\/\/claudia-kramp.de\/wp-content\/uploads\/2019\/02\/Familie-1024x309-1-300x91.jpg 300w, https:\/\/claudia-kramp.de\/wp-content\/uploads\/2019\/02\/Familie-1024x309-1-768x232.jpg 768w\" sizes=\"auto, (max-width: 1024px) 100vw, 1024px\" \/><br \/>\nSystemische Aufstellung<\/h3>\n<p>Wir alle sind in einem System eingebunden, z.B. Familie, Arbeit, Freundeskreis usw.<br \/>\nViele unserer inneren und \u00e4u\u00dferen Konflikte finden hier ihren Anfang und pr\u00e4gen uns. Die daraus folgenden Handlungen sind uns meist nicht bewusst. Es werden Muster \u00fcbernommen, die nicht die eigenen sind oder ein Mensch tr\u00e4gt die Last der vergangenen Generationen.<\/p>\n<p>Die verschiedenen Aspekte eines Systems werden zueinander in Beziehung gestellt.<br \/>\nDadurch werden Konflikte, Beziehungsmuster und dazu passende L\u00f6sungswege sichtbar.<\/p>\n<p>Syst. Aufstellung kann eingesetzt werden z.B. bei:<\/p>\n<ul>\n<li>Zur L\u00f6sung von inneren und \u00e4u\u00dferen Konflikten<\/li>\n<li>Konflikten in der Gegenwart und Herkunftsfamilie<\/li>\n<li>Eltern- Kind- Beziehung<\/li>\n<li>Um Beziehungen zu kl\u00e4ren<\/li>\n<li>Die eigenen Ziele zu verwirklichen<\/li>\n<li>Sich zu befreien von Abh\u00e4ngigkeiten und Verstrickungen<\/li>\n<li>Probleme im Berufsleben<\/li>\n<li>F\u00fcr L\u00f6sungswege aus traumatischem Erleben<\/li>\n<li>Inneres Kind, innere Familie<\/li>\n<li>Entscheidungsfindung<\/li>\n<li>Integration von Ressourcen<\/li>\n<li>mangelnde Abgrenzung<\/li>\n<li>Selbstwert<\/li>\n<li>Geld<br \/>\nuvm.<\/li>\n<\/ul>\n<p>Diese Arbeit kann sowohl in Einzel- als auch in Gruppenarbeit erfolgen.<br \/>\nTermine nach Vereinbarung.<\/p>\n<p>&nbsp;<\/p>\n","protected":false},"excerpt":{"rendered":"<p>Systemische Aufstellung Wir alle sind in einem System eingebunden, z.B. Familie, Arbeit, Freundeskreis usw. Viele unserer inneren und \u00e4u\u00dferen Konflikte finden hier ihren Anfang und pr\u00e4gen uns. Die daraus folgenden Handlungen sind uns meist nicht bewusst. Es werden Muster \u00fcbernommen, die nicht die eigenen sind oder ein Mensch tr\u00e4gt die Last der vergangenen Generationen. DieContinue reading &rarr;<\/p>\n","protected":false},"author":1,"featured_media":0,"parent":0,"menu_order":0,"comment_status":"closed","ping_status":"closed","template":"","meta":{"footnotes":""},"class_list":["post-302","page","type-page","status-publish","hentry","no-thumb"],"_links":{"self":[{"href":"https:\/\/claudia-kramp.de\/index.php?rest_route=\/wp\/v2\/pages\/302","targetHints":{"allow":["GET"]}}],"collection":[{"href":"https:\/\/claudia-kramp.de\/index.php?rest_route=\/wp\/v2\/pages"}],"about":[{"href":"https:\/\/claudia-kramp.de\/index.php?rest_route=\/wp\/v2\/types\/page"}],"author":[{"embeddable":true,"href":"https:\/\/claudia-kramp.de\/index.php?rest_route=\/wp\/v2\/users\/1"}],"replies":[{"embeddable":true,"href":"https:\/\/claudia-kramp.de\/index.php?rest_route=%2Fwp%2Fv2%2Fcomments&post=302"}],"version-history":[{"count":13,"href":"https:\/\/claudia-kramp.de\/index.php?rest_route=\/wp\/v2\/pages\/302\/revisions"}],"predecessor-version":[{"id":807,"href":"https:\/\/claudia-kramp.de\/index.php?rest_route=\/wp\/v2\/pages\/302\/revisions\/807"}],"wp:attachment":[{"href":"https:\/\/claudia-kramp.de\/index.php?rest_route=%2Fwp%2Fv2%2Fmedia&parent=302"}],"curies":[{"name":"wp","href":"https:\/\/api.w.org\/{rel}","templated":true}]}}