{"id":33,"date":"2018-10-21T20:30:06","date_gmt":"2018-10-21T20:30:06","guid":{"rendered":"http:\/\/claudia-kramp.de\/?page_id=33"},"modified":"2022-06-06T19:38:15","modified_gmt":"2022-06-06T17:38:15","slug":"ueber-mich","status":"publish","type":"page","link":"https:\/\/claudia-kramp.de\/?page_id=33","title":{"rendered":"\u00dcber mich"},"content":{"rendered":"<h3>\u00dcber mich<\/h3>\n<p><img loading=\"lazy\" decoding=\"async\" class=\"alignright wp-image-436 \" src=\"http:\/\/claudia-kramp.de\/wp-content\/uploads\/2019\/01\/IMG_2462bearbeitet-200x300.jpg\" alt=\"\" width=\"134\" height=\"201\" srcset=\"https:\/\/claudia-kramp.de\/wp-content\/uploads\/2019\/01\/IMG_2462bearbeitet-200x300.jpg 200w, https:\/\/claudia-kramp.de\/wp-content\/uploads\/2019\/01\/IMG_2462bearbeitet-768x1152.jpg 768w, https:\/\/claudia-kramp.de\/wp-content\/uploads\/2019\/01\/IMG_2462bearbeitet-683x1024.jpg 683w\" sizes=\"auto, (max-width: 134px) 100vw, 134px\" \/><\/p>\n<p>&nbsp;<\/p>\n<p>Mein Name ist Claudia Maria Kramp, ich bin 1967 geboren, Mutter zweier erwachsener S\u00f6hne, lebe und arbeite in der Eifel.<\/p>\n<p>Seit meiner Jugendzeit besch\u00e4ftige ich mich mit spirituellen und ganzheitlichen Methoden.<br \/>\nMeine eigenen positiven Erfahrungen weckten die Neugier und die Leidenschaft in mir &#8211; den Wunsch, meine Erfahrungen mit Menschen zu teilen, sie weiterzugeben.<\/p>\n<p>Es ist mir eine Herzensangelegenheit Menschen auf ihrem Weg in ein bewusstes Leben, zu ihrem wahren Wesen, zu ihrer Seele zu begleiten.<\/p>\n<p>&nbsp;<\/p>\n<p>&nbsp;<\/p>\n<hr \/>\n<p><strong>Werdegang<br \/>\n<\/strong><br \/>\nRegelm\u00e4\u00dfig nehme ich an Fortbildungen zur St\u00e4rkung der Lebenskraft sowie zur Stabilisierung der Pers\u00f6nlichkeit teil.<\/p>\n<p>2019 Kunsttherapie &#8211; Starke Gef\u00fchle, Sinn und Nutzen<br \/>\n2016 Hom\u00f6opathische Behandlung psychogener St\u00f6rungsbilder<br \/>\n2016 EMDR \u2013 Traumatherapie \u2013 Supervision<br \/>\n2016 EMDR Traumatherapie<br \/>\n2016 L\u00f6sungsorientierte Kurzzeittherapie nach Shazer<br \/>\n2015 Heilpraktikerin f\u00fcr Psychotherapie \u2013 \u00dcberpr\u00fcfung durch das Gesundheitsamt Solingen<br \/>\n2015 Syst. Arbeiten f\u00fcr effektive L\u00f6sungen und Grundlagen<br \/>\n2014 Psychische Erkrankungen<br \/>\n2013 Pr\u00fcfungsvorbereitungen Heilpraktikerin Psychotherapie<br \/>\n2013 Biographiearbeit<br \/>\n2013 Klientenzentrierte Gespr\u00e4chsf\u00fchrung nach Rogers<br \/>\n2013 Trauerbegleitung<br \/>\n2012 Lehrerausbildung zur Wirbels\u00e4ulenaufrichtung<br \/>\n2011 Encaustic<br \/>\n2006 Aura- Soma Lightbeamer \u2013 Farblichtpunktur<br \/>\n2006 Aura Soma Practitioner<br \/>\n2004 Kreativit\u00e4t- und Maltherapie<br \/>\n2002 Yoga &#8211; Die F\u00fcnf Tibeter<br \/>\n2002 Shiatsu\/ Akupressur gegen Kopfschmerzen<br \/>\n2001 Syst. Arbeiten\/ Aufstellen<br \/>\n2001 Deutsche Bl\u00fcten<br \/>\n2001 Bl\u00fctenberatung nach Dr. Bach<br \/>\n2001 Shiatsu und Akupressur<br \/>\n2000 Entspannungstraining f\u00fcr Kinder<br \/>\n1999 Aura Soma und Entspannung<br \/>\n1999 Dipl. Entspannungsp\u00e4dagogin<br \/>\n1999 Reiki nach Dr. Mikao Usui\u00a0Meisterin\/Lehrerin<br \/>\n1998 Seminarleiterin Autogenes Training<\/p>\n","protected":false},"excerpt":{"rendered":"<p>\u00dcber mich &nbsp; Mein Name ist Claudia Maria Kramp, ich bin 1967 geboren, Mutter zweier erwachsener S\u00f6hne, lebe und arbeite in der Eifel. Seit meiner Jugendzeit besch\u00e4ftige ich mich mit spirituellen und ganzheitlichen Methoden. Meine eigenen positiven Erfahrungen weckten die Neugier und die Leidenschaft in mir &#8211; den Wunsch, meine Erfahrungen mit Menschen zu teilen,Continue reading &rarr;<\/p>\n","protected":false},"author":1,"featured_media":0,"parent":0,"menu_order":0,"comment_status":"closed","ping_status":"closed","template":"","meta":{"footnotes":""},"class_list":["post-33","page","type-page","status-publish","hentry","no-thumb"],"_links":{"self":[{"href":"https:\/\/claudia-kramp.de\/index.php?rest_route=\/wp\/v2\/pages\/33","targetHints":{"allow":["GET"]}}],"collection":[{"href":"https:\/\/claudia-kramp.de\/index.php?rest_route=\/wp\/v2\/pages"}],"about":[{"href":"https:\/\/claudia-kramp.de\/index.php?rest_route=\/wp\/v2\/types\/page"}],"author":[{"embeddable":true,"href":"https:\/\/claudia-kramp.de\/index.php?rest_route=\/wp\/v2\/users\/1"}],"replies":[{"embeddable":true,"href":"https:\/\/claudia-kramp.de\/index.php?rest_route=%2Fwp%2Fv2%2Fcomments&post=33"}],"version-history":[{"count":14,"href":"https:\/\/claudia-kramp.de\/index.php?rest_route=\/wp\/v2\/pages\/33\/revisions"}],"predecessor-version":[{"id":536,"href":"https:\/\/claudia-kramp.de\/index.php?rest_route=\/wp\/v2\/pages\/33\/revisions\/536"}],"wp:attachment":[{"href":"https:\/\/claudia-kramp.de\/index.php?rest_route=%2Fwp%2Fv2%2Fmedia&parent=33"}],"curies":[{"name":"wp","href":"https:\/\/api.w.org\/{rel}","templated":true}]}}