{"id":56,"date":"2018-10-07T21:04:18","date_gmt":"2018-10-07T21:04:18","guid":{"rendered":"http:\/\/claudia-kramp.de\/?page_id=56"},"modified":"2022-06-06T20:14:46","modified_gmt":"2022-06-06T18:14:46","slug":"impressum","status":"publish","type":"page","link":"https:\/\/claudia-kramp.de\/?page_id=56","title":{"rendered":"Impressum"},"content":{"rendered":"<h3>Impressum<\/h3>\n<h4>Angaben gem\u00e4\u00df \u00a7 5 TMGv<\/h4>\n<p>Heilpraktikerpraxis f\u00fcr Psychotherapie und Pr\u00e4vention<br \/>\nClaudia Maria Kramp, ebenfalls Verantwortlicher f\u00fcr den Inhalt der<br \/>\nHomepage nach \u00a7 18 Abs. 2 MStV.<\/p>\n<p>Claudia Maria Kramp<br \/>\nFrohnhof 6<br \/>\n53894 Mechernich &#8211; Glehn<\/p>\n<p>Telefon:\u00a0\u00a0 0 24 43\/4 85 60<br \/>\nE-Mail:\u00a0\u00a0\u00a0 info(at)claudia-kramp.de<\/p>\n<hr \/>\n<p><strong>Gesetzliche Berufsbezeichnung<\/strong><br \/>\nHeilpraktikerin f\u00fcr Psychotherapie (verliehen in der Bundesrepublik Deutschland)<\/p>\n<hr \/>\n<p><strong>Zust\u00e4ndige Aufsichtsbeh\u00f6rde<br \/>\n<\/strong>Gesundheitsamt Euskirchen<strong><br \/>\n<\/strong><\/p>\n<hr \/>\n<p><strong>Berufsrechtliche Regelungen<\/strong><br \/>\nGesetz \u00fcber die berufsm\u00e4\u00dfige Aus\u00fcbung der Heilkunde ohne \u00e4rztliche Bestallung (Heilpraktikergesetz) und Durchf\u00fchrungsverordnung:<br \/>\nNachzulesen im Internet unter<br \/>\n<a href=\"http:\/\/www.gesetze-im-internet.de\/heilprg\/index.html\" target=\"_blank\" rel=\"noopener\">http:\/\/www.gesetze-im-internet.de\/heilprg\/index.html<\/a><br \/>\nund<br \/>\n<a href=\"http:\/\/www.gesetze-im-internet.de\/heilprgdv_1\/index.html\" target=\"_blank\" rel=\"noopener\">http:\/\/www.gesetze-im-internet.de\/heilprgdv_1\/index.html<\/a><\/p>\n<hr \/>\n<p><strong>Berufsverbandsmitgliedschaft<br \/>\n<\/strong>Verband freier Psychotherapeuten und Psychologischer Berater e.V.<\/p>\n<hr \/>\n<p><strong>Berufsordnung<\/strong><br \/>\nNachzulesen im Internet unter<br \/>\n<a href=\"http:\/\/www.heilpraktiker.org\/die-berufsordnung-fuer-heilpraktiker\" rel=\"nofollow\">http:\/\/www.heilpraktiker.org\/die-berufsordnung-fuer-heilpraktiker<\/a><\/p>\n<hr \/>\n<p><strong>Berufshaftpflichtversicherung<br \/>\n<\/strong>Axa Versicherungen AG<strong><br \/>\n<\/strong><\/p>\n<hr \/>\n<p>Die Heilkundliche T\u00e4tigkeit ist von der Umsatzsteuer nach gem\u00e4\u00df \u00a7 4 Nr.14 UStG befreit<\/p>\n<hr \/>\n<p><strong>Steuernummer<\/strong><br \/>\n211\/5056\/1063<\/p>\n<hr \/>\n<p><strong>Geltungsbereich<br \/>\n<\/strong>Bundesrepublik Deutschland<\/p>\n<hr \/>\n<p><strong>Technische Betreuung<\/strong><\/p>\n<p>Markus Hermann<br \/>\nCalle las Margaritas 9, No. 47<br \/>\nESP-35100 San Bartolom\u00e9 de Tirajana (San Agustin)<\/p>\n<p>E-Mail: markus@mkhermann-und-lifestyle.de<\/p>\n","protected":false},"excerpt":{"rendered":"<p>Impressum Angaben gem\u00e4\u00df \u00a7 5 TMGv Heilpraktikerpraxis f\u00fcr Psychotherapie und Pr\u00e4vention Claudia Maria Kramp, ebenfalls Verantwortlicher f\u00fcr den Inhalt der Homepage nach \u00a7 18 Abs. 2 MStV. Claudia Maria Kramp Frohnhof 6 53894 Mechernich &#8211; Glehn Telefon:\u00a0\u00a0 0 24 43\/4 85 60 E-Mail:\u00a0\u00a0\u00a0 info(at)claudia-kramp.de Gesetzliche Berufsbezeichnung Heilpraktikerin f\u00fcr Psychotherapie (verliehen in der Bundesrepublik Deutschland) Zust\u00e4ndigeContinue reading &rarr;<\/p>\n","protected":false},"author":1,"featured_media":0,"parent":0,"menu_order":0,"comment_status":"closed","ping_status":"closed","template":"","meta":{"footnotes":""},"class_list":["post-56","page","type-page","status-publish","hentry","no-thumb"],"_links":{"self":[{"href":"https:\/\/claudia-kramp.de\/index.php?rest_route=\/wp\/v2\/pages\/56","targetHints":{"allow":["GET"]}}],"collection":[{"href":"https:\/\/claudia-kramp.de\/index.php?rest_route=\/wp\/v2\/pages"}],"about":[{"href":"https:\/\/claudia-kramp.de\/index.php?rest_route=\/wp\/v2\/types\/page"}],"author":[{"embeddable":true,"href":"https:\/\/claudia-kramp.de\/index.php?rest_route=\/wp\/v2\/users\/1"}],"replies":[{"embeddable":true,"href":"https:\/\/claudia-kramp.de\/index.php?rest_route=%2Fwp%2Fv2%2Fcomments&post=56"}],"version-history":[{"count":25,"href":"https:\/\/claudia-kramp.de\/index.php?rest_route=\/wp\/v2\/pages\/56\/revisions"}],"predecessor-version":[{"id":817,"href":"https:\/\/claudia-kramp.de\/index.php?rest_route=\/wp\/v2\/pages\/56\/revisions\/817"}],"wp:attachment":[{"href":"https:\/\/claudia-kramp.de\/index.php?rest_route=%2Fwp%2Fv2%2Fmedia&parent=56"}],"curies":[{"name":"wp","href":"https:\/\/api.w.org\/{rel}","templated":true}]}}